{"id":22,"date":"2024-01-15T17:28:19","date_gmt":"2024-01-15T16:28:19","guid":{"rendered":"https:\/\/anar.education\/?page_id=22"},"modified":"2024-04-11T05:36:04","modified_gmt":"2024-04-11T03:36:04","slug":"partenaires","status":"publish","type":"page","link":"https:\/\/www.anar.education\/?page_id=22","title":{"rendered":"Partenaires"},"content":{"rendered":"\n<h2 class=\"wp-block-heading\">Partenaires institutionnels<\/h2>\n\n\n\n<h3 class=\"wp-block-heading\">Biennale de Paris<\/h3>\n\n\n\n<p>La Biennale de Paris est une institution qui met en valeur, prospecte, active et initie tout ce qui peut modifier l\u2019art \u00e9tabli et les notions qui le d\u00e9finissent. Par ses valeurs, ses modes op\u00e9ratoires et son \u00e9tat d\u2019esprit, la biennale s\u2019est forg\u00e9 une identit\u00e9 singuli\u00e8re sur la sc\u00e8ne artistique internationale. La Biennale de Paris a lieu tous les deux ans mais la dur\u00e9e d\u2019une \u00e9dition est de deux ans ce qui fait qu\u2019elle est une biennale en temps r\u00e9el. Les artistes invit\u00e9s \u00e0 la Biennale de Paris fixent eux-m\u00eames les lieux et les modalit\u00e9s de pr\u00e9sentation de leur travail. La Biennale de Paris se constitue comme une masse critique compos\u00e9e de multiples initiatives, qui sans elle seraient disparues, isol\u00e9es ou sans impact.<br><a href=\"https:\/\/www.biennaledeparis.fr\" title=\"\">biennaledeparis.fr<\/a><\/p>\n\n\n\n<h3 class=\"wp-block-heading\">\u00c9cole nationale d\u2019art de Paris (ENDA)<\/h3>\n\n\n\n<p>L\u2019ENDA est la premi\u00e8re \u00e9cole de recherche artistique. C\u2019est une \u00e9cole qui propose une formation unique et une p\u00e9dagogie r\u00e9volutionnaire. L\u2019ENDA s\u2019inscrit dans la continuit\u00e9 de Bauhaus College et de Black Mountain College. L\u2019\u00e9cole offre un contexte qui permet de construire sa singularit\u00e9 et ses valeurs par rapport aux institutions et aux notions qui normalisent l\u2019art. Elle propose un cursus offrant \u00e0 ses chercheurs l\u2019opportunit\u00e9 de se lib\u00e9rer des conventions h\u00e9rit\u00e9es de l\u2019art du XXe si\u00e8cle par la mise en \u00e9vidence de certains des enjeux \u00e0 l\u2019\u0153uvre dans l\u2019art au XXIe si\u00e8cle, une histoire en cours d\u2019\u00e9criture, dans laquelle chacune et chacun est invit\u00e9 \u00e0 prendre sa propre place.<br><a href=\"https:\/\/www.enda.fr\" title=\"\">enda.fr<\/a><\/p>\n","protected":false},"excerpt":{"rendered":"<p>Partenaires institutionnels Biennale de Paris La Biennale de Paris est une institution qui met en valeur, prospecte, active et initie tout ce qui peut modifier l\u2019art \u00e9tabli et les notions qui le d\u00e9finissent. Par ses valeurs, ses modes op\u00e9ratoires et son \u00e9tat d\u2019esprit, la biennale s\u2019est forg\u00e9 une identit\u00e9 singuli\u00e8re sur la sc\u00e8ne artistique internationale. [&hellip;]<\/p>\n","protected":false},"author":1,"featured_media":0,"parent":0,"menu_order":0,"comment_status":"closed","ping_status":"closed","template":"","meta":{"om_disable_all_campaigns":false,"_monsterinsights_skip_tracking":false,"_monsterinsights_sitenote_active":false,"_monsterinsights_sitenote_note":"","_monsterinsights_sitenote_category":0,"footnotes":""},"blocksy_meta":[],"aioseo_notices":[],"_links":{"self":[{"href":"https:\/\/www.anar.education\/index.php?rest_route=\/wp\/v2\/pages\/22"}],"collection":[{"href":"https:\/\/www.anar.education\/index.php?rest_route=\/wp\/v2\/pages"}],"about":[{"href":"https:\/\/www.anar.education\/index.php?rest_route=\/wp\/v2\/types\/page"}],"author":[{"embeddable":true,"href":"https:\/\/www.anar.education\/index.php?rest_route=\/wp\/v2\/users\/1"}],"replies":[{"embeddable":true,"href":"https:\/\/www.anar.education\/index.php?rest_route=%2Fwp%2Fv2%2Fcomments&post=22"}],"version-history":[{"count":4,"href":"https:\/\/www.anar.education\/index.php?rest_route=\/wp\/v2\/pages\/22\/revisions"}],"predecessor-version":[{"id":244,"href":"https:\/\/www.anar.education\/index.php?rest_route=\/wp\/v2\/pages\/22\/revisions\/244"}],"wp:attachment":[{"href":"https:\/\/www.anar.education\/index.php?rest_route=%2Fwp%2Fv2%2Fmedia&parent=22"}],"curies":[{"name":"wp","href":"https:\/\/api.w.org\/{rel}","templated":true}]}}