{"id":20,"date":"2024-01-15T17:27:58","date_gmt":"2024-01-15T16:27:58","guid":{"rendered":"https:\/\/anar.education\/?page_id=20"},"modified":"2024-04-15T11:09:33","modified_gmt":"2024-04-15T09:09:33","slug":"ressources","status":"publish","type":"page","link":"https:\/\/www.anar.education\/?page_id=20","title":{"rendered":"Bibliographie"},"content":{"rendered":"\n<p>Titre : La recherche en art(s)<br>Auteur\/s : Jehanne Dautrey<br>Editions : Editions MF<br>Date de publication : septembre 2010<br>ISBN :<\/p>\n\n\n\n<p>Titre : Cahiers m\u00e9sozoaires n\u00b0 01 \u2013 Synergies \u2013 La recherche artistique participative<br>Auteur\/s : Textes de Jean Cristofol, Sophie Daste, Julie De Muer, Fabrice Gallis, Fran\u00e7ois Millet, C\u00e9line Ohrel, Ludmila Postel, Marie Preston, Vincent Puig, Barbara Satre, Peter Sinclair, Camille Vandaele.<br>Editions : Edit\u00e9 par Barbara Satre et Peter Sinclair. Co\u00e9dit\u00e9 avec Particip-Arc.<br>Date de publication : fevrier 2024<br>Pages : 112 pages<br>ISBN : 979109356329<\/p>\n\n\n\n<p>Titre : Recherche-cr\u00e9ation et didactique de la cr\u00e9ation artistique<br>Sous-titre : Le chercheur travaill\u00e9 par la cr\u00e9ation<br>Auteur\/s : Grazia Giacco<br>Editions : EME Editions<br>Date de publication : le 11 juillet 2018<br>Pages : 178<br>ISBN : 9782806636447<\/p>\n\n\n\n<p>Titre : Recherche action par la cr\u00e9ation artistique et design<br>Auteur\/s : Collectif sous la direction de C\u00e9line Caumon<br>Editions : Connaissances et savoirs<br>Date de publication :<br>Pages : 156<br>ISBN : 2753903417<\/p>\n\n\n\n<p>Titre : Recherche cr\u00e9ation. Pour une compr\u00e9hension de la recherche<br>Auteur\/s : Eric le Coguiec, Pierre Gosselin<br>Editions : Presses de l&rsquo;Universit\u00e9 du Qu\u00e9bec<br>Date de publication : d\u00e9cembre 2006<br>Pages : 141<br>ISBN : 9782760514584<\/p>\n\n\n\n<p>Titre : L&rsquo;\u00e9valuation de la recherche artistique<br>Auteur\/s : Sous la direction de R\u00e9my Campos, Aur\u00e9lien, Poidevin<br>Editions : Oeil d&rsquo;Or<br>Date de publication : le 16 octobre 2019<br>Pages : 340<br>ISBN : 9782913661929<\/p>\n\n\n\n<p>Titre : Artistes-chercheur\u00b7es, chercheur\u00b7es-artistes \u2013 Performer les savoirs<br>Auteur\/s : Vangelis Athanassopoulos, Eliane Beaufils, Marion Boudier, Laura Cull \u00d3 Maoilearca, Chlo\u00e9 D\u00e9chery, Rapha\u00eblle Doyon, Tim Etchells, G.U.I., Yvain Juillard, Barbara Formis, Julien Fournet, Lewis Gibson, Louise Herv\u00e9, Jenny Hunt, Laura Hunter Petree, Chlo\u00e9 Lavalette, Caroline Lion, Mireille Losco-Lena, Clovis Maillet, Guillaume Mazeau, Barbara M\u00e9tais-Chastanier, Alix De Morant, Olivier Normand, Laurent Pichaud, Ambra Pittoni, Efrosini Protopapa, Yves Rossetti, Emanuele Quinz, Sabine Quiriconi, Gretchen Schiller, Lois Weaver, \u00c9ric Valette.<br>Editions : Marion Boudier et Chlo\u00e9 D\u00e9chery<br>Date de publication : septembre 2022<br>Pages : 320<br>ISBN&nbsp;:&nbsp;9782378963262<\/p>\n\n\n\n<p>Titre : Dispositifs de recherche-cr\u00e9ation &#8211; Dialogue entre recherche universitaire et cr\u00e9ation artistique<br>Auteur\/s : Florent Di Bartolo, Olivier Bonin<br>Editions : Delatour France<br>Date de publication : le 1er janvier 2024<br>Pages : 305<br>ISBN : 9782752104717<\/p>\n\n\n\n<p>Titre : Abr\u00e9g\u00e9 sur les m\u00e9thodes de recherche et la recherche exp\u00e9rimentale<br>Auteur\/s : Louis Laurencelle<br>Editions : Presses de l&rsquo;Universit\u00e9 du Qu\u00e9bec<br>Date de publication : le 1er mai 2005<br>Pages : 132<br>ISBN : 9782760518520<\/p>\n\n\n\n<p>Titre : Le chercheur, sa recherche, ses m\u00e9thodes<br>Sous-titre : De quelques questions epistemologiques aux Sciences de l&rsquo;Education<br>Auteur\/s : Marc Weisser<br>Editions :<br>Date de publication : le 9 avril 2014<br>Pages :<br>ISBN :<\/p>\n\n\n\n<p>Titre : Le guide de la recherche scientifique<br>Auteur\/s : Albert Muluma<br>Editions : Universitaires Europ\u00e9ennes<br>Date de publication : le 6 septembre 2017<br>Pages :<br>ISBN : 6202264675<\/p>\n\n\n\n<p>Titre : Recherche participative : multiples regards<br>Auteur\/s : Marta Anad\u00f3n<br>Editions : Presses de l&rsquo;Universit\u00e9 du Qu\u00e9bec<br>Date de publication : le 1er avril 2007<br>Pages : 238<br>ISBN : 9782760519305<\/p>\n","protected":false},"excerpt":{"rendered":"<p>Titre : La recherche en art(s)Auteur\/s : Jehanne DautreyEditions : Editions MFDate de publication : septembre 2010ISBN : Titre : Cahiers m\u00e9sozoaires n\u00b0 01 \u2013 Synergies \u2013 La recherche artistique participativeAuteur\/s : Textes de Jean Cristofol, Sophie Daste, Julie De Muer, Fabrice Gallis, Fran\u00e7ois Millet, C\u00e9line Ohrel, Ludmila Postel, Marie Preston, Vincent Puig, Barbara Satre, [&hellip;]<\/p>\n","protected":false},"author":1,"featured_media":0,"parent":0,"menu_order":0,"comment_status":"closed","ping_status":"closed","template":"","meta":{"om_disable_all_campaigns":false,"_monsterinsights_skip_tracking":false,"_monsterinsights_sitenote_active":false,"_monsterinsights_sitenote_note":"","_monsterinsights_sitenote_category":0,"footnotes":""},"blocksy_meta":[],"aioseo_notices":[],"_links":{"self":[{"href":"https:\/\/www.anar.education\/index.php?rest_route=\/wp\/v2\/pages\/20"}],"collection":[{"href":"https:\/\/www.anar.education\/index.php?rest_route=\/wp\/v2\/pages"}],"about":[{"href":"https:\/\/www.anar.education\/index.php?rest_route=\/wp\/v2\/types\/page"}],"author":[{"embeddable":true,"href":"https:\/\/www.anar.education\/index.php?rest_route=\/wp\/v2\/users\/1"}],"replies":[{"embeddable":true,"href":"https:\/\/www.anar.education\/index.php?rest_route=%2Fwp%2Fv2%2Fcomments&post=20"}],"version-history":[{"count":3,"href":"https:\/\/www.anar.education\/index.php?rest_route=\/wp\/v2\/pages\/20\/revisions"}],"predecessor-version":[{"id":268,"href":"https:\/\/www.anar.education\/index.php?rest_route=\/wp\/v2\/pages\/20\/revisions\/268"}],"wp:attachment":[{"href":"https:\/\/www.anar.education\/index.php?rest_route=%2Fwp%2Fv2%2Fmedia&parent=20"}],"curies":[{"name":"wp","href":"https:\/\/api.w.org\/{rel}","templated":true}]}}